{"id":473,"date":"2022-07-05T20:52:49","date_gmt":"2022-07-05T18:52:49","guid":{"rendered":"http:\/\/xn--vetlandamotorsllskap-ozb.se\/?page_id=473"},"modified":"2024-04-14T21:28:34","modified_gmt":"2024-04-14T19:28:34","slug":"cykelspeedway","status":"publish","type":"page","link":"https:\/\/xn--vetlandamotorsllskap-ozb.se\/?page_id=473","title":{"rendered":"Cykelspeedway"},"content":{"rendered":"\n<p>H\u00e4r f\u00e5r killar och tjejer komma till oss och cykla speedway. En mycket omtyckt verksamhet d\u00e4r barnen f\u00e5r komma till Motorstadion och leka speedwaystj\u00e4rna f\u00f6r en dag. Vi k\u00f6r detta under ett antal tillf\u00e4llen och datumen listas under en separat flik kallad &#8221;Cykelspeedway&#8221;<\/p>\n\n\n\n<p>Vetlanda MS har under m\u00e5nga \u00e5r haft stor verksamhet inom cykelspeedway, ett popul\u00e4rt n\u00f6je som \u00e4ven \u00e4r en bra ink\u00f6rsport f\u00f6r de ungdomar som sedan f\u00f6rhoppningsvis forts\u00e4tter via 80cc och upp\u00e5t.<\/p>\n\n\n\n<p>Vi hoppas snart kunna v\u00e4lkomna er till v\u00e5r cykelspeedwaybana!\u00a0<\/p>\n\n\n\n<p id=\"block-93a2100b-1265-4d0e-a23e-980e4b00b891\">Kontakta Kim Edvardsson p\u00e5 <a href=\"mailto:kim.e@xn--vetlandamotorsllskap-ozb.se\">kim.e@vetlandamotors\u00e4llskap.se<\/a> eller Thomas Jansson p\u00e5 <a href=\"mailto:thomas.j@xn--vetlandamotorsllskap-ozb.se\">thomas.j@vetlandamotors\u00e4llskap.se<\/a> f\u00f6r mer information. Se kalendern f\u00f6r tr\u00e4ningsdatum, samt prova-p\u00e5-verksamhet.<\/p>\n","protected":false},"excerpt":{"rendered":"<p>H\u00e4r f\u00e5r killar och tjejer komma till oss och cykla speedway. En mycket omtyckt verksamhet d\u00e4r barnen f\u00e5r komma till<\/p>\n","protected":false},"author":1,"featured_media":640,"parent":0,"menu_order":0,"comment_status":"closed","ping_status":"closed","template":"","meta":{"colormag_page_container_layout":"default_layout","colormag_page_sidebar_layout":"default_layout","footnotes":""},"class_list":["post-473","page","type-page","status-publish","has-post-thumbnail","hentry"],"_links":{"self":[{"href":"https:\/\/xn--vetlandamotorsllskap-ozb.se\/index.php?rest_route=\/wp\/v2\/pages\/473","targetHints":{"allow":["GET"]}}],"collection":[{"href":"https:\/\/xn--vetlandamotorsllskap-ozb.se\/index.php?rest_route=\/wp\/v2\/pages"}],"about":[{"href":"https:\/\/xn--vetlandamotorsllskap-ozb.se\/index.php?rest_route=\/wp\/v2\/types\/page"}],"author":[{"embeddable":true,"href":"https:\/\/xn--vetlandamotorsllskap-ozb.se\/index.php?rest_route=\/wp\/v2\/users\/1"}],"replies":[{"embeddable":true,"href":"https:\/\/xn--vetlandamotorsllskap-ozb.se\/index.php?rest_route=%2Fwp%2Fv2%2Fcomments&post=473"}],"version-history":[{"count":4,"href":"https:\/\/xn--vetlandamotorsllskap-ozb.se\/index.php?rest_route=\/wp\/v2\/pages\/473\/revisions"}],"predecessor-version":[{"id":1621,"href":"https:\/\/xn--vetlandamotorsllskap-ozb.se\/index.php?rest_route=\/wp\/v2\/pages\/473\/revisions\/1621"}],"wp:featuredmedia":[{"embeddable":true,"href":"https:\/\/xn--vetlandamotorsllskap-ozb.se\/index.php?rest_route=\/wp\/v2\/media\/640"}],"wp:attachment":[{"href":"https:\/\/xn--vetlandamotorsllskap-ozb.se\/index.php?rest_route=%2Fwp%2Fv2%2Fmedia&parent=473"}],"curies":[{"name":"wp","href":"https:\/\/api.w.org\/{rel}","templated":true}]}}