{"id":483,"date":"2022-07-05T20:52:49","date_gmt":"2022-07-05T18:52:49","guid":{"rendered":"http:\/\/xn--vetlandamotorsllskap-ozb.se\/?page_id=483"},"modified":"2022-07-06T09:36:05","modified_gmt":"2022-07-06T07:36:05","slug":"vetlandamodellen","status":"publish","type":"page","link":"https:\/\/xn--vetlandamotorsllskap-ozb.se\/?page_id=483","title":{"rendered":"Vetlandamodellen"},"content":{"rendered":"\n<p>Vetlandamodellen &#8211; samarbete mellan f\u00f6reningar, Sm\u00e5landsidrotten och Vetlanda kommun. Idag \u00e4r det f\u00f6r m\u00e5nga ungdomar som slutar med sitt idrottande alldeles f\u00f6r tidigt och detta tenderar att g\u00e5 allt l\u00e4ngre ner i \u00e5ldrarna. Vetlanda kommun har tillsammans med Sm\u00e5landsidrotten och ett antal idrottsf\u00f6reningar i b\u00e5de lag- och individuella idrotter tagit fram Vetlandamodellen gemensamma riktlinjer s\u00e5 att fler barn och ungdomar har m\u00f6jlighet att ut\u00f6va en eller flera idrotter. Sj\u00e4lvklart \u00e4r Vetlanda Motors\u00e4llskap en del av Vetlandamodellen. L\u00e4s mer h\u00e4r om modellen samt vilka fler f\u00f6reningar som \u00e4r med:<\/p>\n\n\n\n<p><a href=\"https:\/\/kommun.vetlanda.se\/download\/18.5d05340c15f00555e961651e\/1554444619917\/Vetlandamodellen%20-%20samarbete%20mellan%20f%C3%B6reningar%20inom%20barn-%20och%20ungdomsidrott.pdf\">Vetlanda Modellen<\/a><\/p>\n","protected":false},"excerpt":{"rendered":"<p>Vetlandamodellen &#8211; samarbete mellan f\u00f6reningar, Sm\u00e5landsidrotten och Vetlanda kommun. Idag \u00e4r det f\u00f6r m\u00e5nga ungdomar som slutar med sitt idrottande<\/p>\n","protected":false},"author":1,"featured_media":601,"parent":0,"menu_order":0,"comment_status":"closed","ping_status":"closed","template":"","meta":{"colormag_page_container_layout":"default_layout","colormag_page_sidebar_layout":"default_layout","footnotes":""},"class_list":["post-483","page","type-page","status-publish","has-post-thumbnail","hentry"],"_links":{"self":[{"href":"https:\/\/xn--vetlandamotorsllskap-ozb.se\/index.php?rest_route=\/wp\/v2\/pages\/483","targetHints":{"allow":["GET"]}}],"collection":[{"href":"https:\/\/xn--vetlandamotorsllskap-ozb.se\/index.php?rest_route=\/wp\/v2\/pages"}],"about":[{"href":"https:\/\/xn--vetlandamotorsllskap-ozb.se\/index.php?rest_route=\/wp\/v2\/types\/page"}],"author":[{"embeddable":true,"href":"https:\/\/xn--vetlandamotorsllskap-ozb.se\/index.php?rest_route=\/wp\/v2\/users\/1"}],"replies":[{"embeddable":true,"href":"https:\/\/xn--vetlandamotorsllskap-ozb.se\/index.php?rest_route=%2Fwp%2Fv2%2Fcomments&post=483"}],"version-history":[{"count":2,"href":"https:\/\/xn--vetlandamotorsllskap-ozb.se\/index.php?rest_route=\/wp\/v2\/pages\/483\/revisions"}],"predecessor-version":[{"id":602,"href":"https:\/\/xn--vetlandamotorsllskap-ozb.se\/index.php?rest_route=\/wp\/v2\/pages\/483\/revisions\/602"}],"wp:featuredmedia":[{"embeddable":true,"href":"https:\/\/xn--vetlandamotorsllskap-ozb.se\/index.php?rest_route=\/wp\/v2\/media\/601"}],"wp:attachment":[{"href":"https:\/\/xn--vetlandamotorsllskap-ozb.se\/index.php?rest_route=%2Fwp%2Fv2%2Fmedia&parent=483"}],"curies":[{"name":"wp","href":"https:\/\/api.w.org\/{rel}","templated":true}]}}