{"id":606,"date":"2022-07-06T09:41:30","date_gmt":"2022-07-06T07:41:30","guid":{"rendered":"http:\/\/xn--vetlandamotorsllskap-ozb.se\/?page_id=606"},"modified":"2024-04-14T21:33:17","modified_gmt":"2024-04-14T19:33:17","slug":"prova-pa","status":"publish","type":"page","link":"https:\/\/xn--vetlandamotorsllskap-ozb.se\/?page_id=606","title":{"rendered":"Prova-p\u00e5"},"content":{"rendered":"\n<p>&#8211; Vi har 6 stycken motorcyklar i tre olika storlekar, detta g\u00f6r att vi kan erbjuda en m\u00f6jlighet att testa p\u00e5 att k\u00f6ra &#8221;hoj&#8221; innan man k\u00f6per en egen.<\/p>\n\n\n\n<p>Vi har dessutom komplett utrustning f\u00f6r att prova p\u00e5.&nbsp;<\/p>\n\n\n\n<p>Det vi erbjuder \u00e4r:<\/p>\n\n\n\n<p>&#8211; &#8221;Microspeedway&#8221;, en speedwayanpassad PW50cc-motorcykel.<\/p>\n\n\n\n<p>&#8211; Mini-Honda, en l\u00e4ttk\u00f6rd motorcykel som verkligen ger barnen en chans att k\u00e4nna p\u00e5 hur det funkar.<\/p>\n\n\n\n<p>&#8211; Speedwaycykel 85cc, detta \u00e4r den st\u00f6rsta motorcykeln vi anv\u00e4nder p\u00e5 v\u00e5r ungdomsbana. Med denna typ av hoj k\u00f6r man i den nationella serien fr\u00e5n det \u00e5r man fyller 11 \u00e5r.<\/p>\n\n\n\n<p>&#8211; Speedwaycykel 250cc, samma typ av chassi som anv\u00e4nds i Elitserien men med den mindre 250cc-motorn. Den \u00e4r mycket lugnare \u00e4n 500cc-motorn och det g\u00f6r den perfekt att prova p\u00e5 n\u00e4r det \u00e4r dags att byte till den st\u00f6rre banan.<\/p>\n\n\n\n<p id=\"block-93a2100b-1265-4d0e-a23e-980e4b00b891\">Kontakta Kim Edvardsson p\u00e5 <a href=\"mailto:kim.e@xn--vetlandamotorsllskap-ozb.se\">kim.e@vetlandamotors\u00e4llskap.se<\/a> eller Thomas Jansson p\u00e5 <a href=\"mailto:thomas.j@xn--vetlandamotorsllskap-ozb.se\">thomas.j@vetlandamotors\u00e4llskap.se<\/a> f\u00f6r mer information. Se kalendern f\u00f6r tr\u00e4ningsdatum, samt prova-p\u00e5-verksamhet.<\/p>\n","protected":false},"excerpt":{"rendered":"<p>&#8211; Vi har 6 stycken motorcyklar i tre olika storlekar, detta g\u00f6r att vi kan erbjuda en m\u00f6jlighet att testa<\/p>\n","protected":false},"author":1,"featured_media":608,"parent":0,"menu_order":0,"comment_status":"closed","ping_status":"closed","template":"","meta":{"colormag_page_container_layout":"default_layout","colormag_page_sidebar_layout":"default_layout","footnotes":""},"class_list":["post-606","page","type-page","status-publish","has-post-thumbnail","hentry"],"_links":{"self":[{"href":"https:\/\/xn--vetlandamotorsllskap-ozb.se\/index.php?rest_route=\/wp\/v2\/pages\/606","targetHints":{"allow":["GET"]}}],"collection":[{"href":"https:\/\/xn--vetlandamotorsllskap-ozb.se\/index.php?rest_route=\/wp\/v2\/pages"}],"about":[{"href":"https:\/\/xn--vetlandamotorsllskap-ozb.se\/index.php?rest_route=\/wp\/v2\/types\/page"}],"author":[{"embeddable":true,"href":"https:\/\/xn--vetlandamotorsllskap-ozb.se\/index.php?rest_route=\/wp\/v2\/users\/1"}],"replies":[{"embeddable":true,"href":"https:\/\/xn--vetlandamotorsllskap-ozb.se\/index.php?rest_route=%2Fwp%2Fv2%2Fcomments&post=606"}],"version-history":[{"count":3,"href":"https:\/\/xn--vetlandamotorsllskap-ozb.se\/index.php?rest_route=\/wp\/v2\/pages\/606\/revisions"}],"predecessor-version":[{"id":1625,"href":"https:\/\/xn--vetlandamotorsllskap-ozb.se\/index.php?rest_route=\/wp\/v2\/pages\/606\/revisions\/1625"}],"wp:featuredmedia":[{"embeddable":true,"href":"https:\/\/xn--vetlandamotorsllskap-ozb.se\/index.php?rest_route=\/wp\/v2\/media\/608"}],"wp:attachment":[{"href":"https:\/\/xn--vetlandamotorsllskap-ozb.se\/index.php?rest_route=%2Fwp%2Fv2%2Fmedia&parent=606"}],"curies":[{"name":"wp","href":"https:\/\/api.w.org\/{rel}","templated":true}]}}